{"id":95,"date":"2023-04-03T15:50:37","date_gmt":"2023-04-03T15:50:37","guid":{"rendered":"https:\/\/alabonnepoutargue.com\/?page_id=95"},"modified":"2025-09-18T11:22:16","modified_gmt":"2025-09-18T11:22:16","slug":"one-page-express","status":"publish","type":"page","link":"https:\/\/alabonnepoutargue.com\/","title":{"rendered":"Front Page"},"content":{"rendered":"\t\t<div data-elementor-type=\"wp-page\" data-elementor-id=\"95\" class=\"elementor elementor-95\">\n\t\t\t\t\t\t<section class=\"elementor-section elementor-top-section elementor-element elementor-element-196a2a6b elementor-section-boxed elementor-section-height-default elementor-section-height-default\" data-id=\"196a2a6b\" data-element_type=\"section\">\n\t\t\t\t\t\t<div class=\"elementor-container elementor-column-gap-default\">\n\t\t\t\t\t<div class=\"elementor-column elementor-col-100 elementor-top-column elementor-element elementor-element-9efc0ef\" data-id=\"9efc0ef\" data-element_type=\"column\">\n\t\t\t<div class=\"elementor-widget-wrap elementor-element-populated\">\n\t\t\t\t\t\t<div class=\"elementor-element elementor-element-70067fa1 elementor-widget elementor-widget-text-editor\" data-id=\"70067fa1\" data-element_type=\"widget\" data-widget_type=\"text-editor.default\">\n\t\t\t\t<div class=\"elementor-widget-container\">\n\t\t\t\t\t\t\t\t\t<div id=\"qui-sommes-nous\" class=\"content-right-image-section content-image-right\" style=\"background-color: #ffffff;\" data-label=\"Qui sommes nous\" data-id=\"content-image-right\" data-category=\"content\"><div class=\"gridContainer\"><div class=\"content-right-image-gridcol\"><div class=\"content-right-image-textcol dynamic-color\" data-type=\"column\"><h2 class=\"\">Un savoir faire artisanal<\/h2><p class=\"large_text\">Cr\u00e9\u00e9 en 2019, la Bonne Poutargue est sp\u00e9cialis\u00e9 dans la fabrication de la poutargue ou boutargue destin\u00e9e aux professionnels de la grande distribution. Egalement connue sous le nom d\u2019or blanc de la M\u00e9diterran\u00e9e, la poutargue est un produit artisanal fabriqu\u00e9e \u00e0 la main \u00e0 partir d\u2019\u0153ufs de muge. Ce d\u00e9licieux met est un produit typique du bassin m\u00e9dit\u00e9rran\u00e9en, qui est appr\u00e9ci\u00e9 pour sa saveur unique et sa texture d\u00e9licate.<\/p><p>Elle peut \u00eatre consomm\u00e9e seule, en ap\u00e9ritif, ou utilis\u00e9e pour agr\u00e9menter des plats de p\u00e2tes ou de riz.<\/p><\/div><div class=\"content-right-image-imgcol\" data-type=\"column\"><p><img decoding=\"async\" class=\"\" src=\"https:\/\/alabonnepoutargue.com\/wp-content\/uploads\/2023\/06\/IMG_8717-scaled-e1685979075110.jpeg\" alt=\"\" \/><\/p><p class=\"\">Nos poutargues sont en poudre et\/ou enti\u00e8re sous-vide et\/ou sous cire. Nous pouvons vous mettre \u00e0 disposition un pr\u00e9sentoire pour am\u00e9liorer le rangement de vos rayons.<\/p><\/div><\/div><\/div><\/div><div id=\"nos-produits\" class=\"about-four-boxes-section\" style=\"background-color: #f6f6f6;\" data-label=\"Nos produits\" data-id=\"about-four-boxes-section\" data-category=\"about\"><div class=\"gridContainer\"><div class=\"about-four-boxes-innerrow flexbox-list\"><div class=\"about-four-boxes-imgcol\" style=\"background-image: url('https:\/\/alabonnepoutargue.com\/wp-content\/uploads\/2023\/05\/IMG_8761-scaled.jpeg');\" data-bg=\"image\">\u00a0<\/div><div class=\"about-four-boxes-textcol\" data-type=\"column\"><h2 class=\"\">Poutargue sans cire<\/h2><p class=\"\">Pour une consomation rapide la poutargue sans cire est la poutargue la plus consomm\u00e9e. Elle peut \u00eatre utilis\u00e9e dans les plats ou d\u00e9coup\u00e9es comme un saucisson pour des ap\u00e9ritifs. Une fois ouverte elle peut \u00eatre s\u00e9ch\u00e9e et la consommation rap\u00e9e est possible<\/p><\/div><div class=\"about-four-boxes-textcol\" data-type=\"column\"><h2 class=\"\">Poutargue avec cire<\/h2><p class=\"\">La poutargue sous cire permet apr\u00e8s son ouverture une conservation plus longue. Elle se consomme comme la poutargue sans cire mais la cire doit \u00eatre enlev\u00e9 avant sa consommation.<\/p><p>Si vous optez pour une poutargue en cire d\u2019abeille, la poutargue va avoir un go\u00fbt de miel qui plairat au plus gourmand.<\/p><\/div><div class=\"about-four-boxes-imgcol2\" style=\"background-image: url('https:\/\/alabonnepoutargue.com\/wp-content\/uploads\/2023\/06\/IMG_8748-scaled-e1685974918233.jpeg');\" data-bg=\"image\">\u00a0<\/div><\/div><\/div><\/div><div id=\"notre-savoir-faire-1\" class=\"features-image-cards-section stripped-features-image-cards-section\" style=\"background-color: #ffffff;\" data-label=\"Notre savoir faire\" data-id=\"stripped-features-image-cards-section\" data-category=\"overlapable\" data-=\"\" data-overlap=\"true\"><div class=\"gridContainer\"><div class=\"features-image-cards-innerrow flexbox-list\" data-type=\"row\"><div class=\"features-image-cards-cardcol cp6cols-tablet cp4cols\"><div class=\"features-image-cards-cardrow\"><p><img decoding=\"async\" class=\"features-image-cards-featimg\" src=\"https:\/\/alabonnepoutargue.com\/wp-content\/uploads\/2023\/06\/IMG_8700-scaled.jpeg\" alt=\"\" \/><\/p><div class=\"features-image-cards-cardtextrow\" data-type=\"column\"><h4 class=\"\">S\u00e9lection des oeufs<\/h4><p class=\"\">Nos oeufs de mulets sont soigneusement s\u00e9lectionn\u00e9s aupr\u00e8s de fournisseur de la c\u00f4te m\u00e9diterann\u00e9enne.<\/p><\/div><\/div><\/div><div class=\"features-image-cards-cardcol cp6cols-tablet cp4cols\"><div class=\"features-image-cards-cardrow\"><p><img decoding=\"async\" class=\"features-image-cards-featimg\" src=\"https:\/\/alabonnepoutargue.com\/wp-content\/uploads\/2023\/06\/IMG_8732-scaled.jpeg\" alt=\"\" \/><\/p><div class=\"features-image-cards-cardtextrow\" data-type=\"column\"><h4 class=\"\">Fabrication<\/h4><p class=\"\">Notre poutargue est fabriqu\u00e9e dans nos locaux dans les Bouches-du-Rh\u00f4ne. Avec un processus bien \u00e9labor\u00e9e et bien ficel\u00e9.<\/p><\/div><\/div><\/div><div class=\"features-image-cards-cardcol cp6cols-tablet cp4cols\"><div class=\"features-image-cards-cardrow\"><p><img decoding=\"async\" class=\"features-image-cards-featimg\" src=\"https:\/\/alabonnepoutargue.com\/wp-content\/uploads\/2023\/06\/IMG_8705-scaled.jpeg\" alt=\"\" \/><\/p><div class=\"features-image-cards-cardtextrow\" data-type=\"column\"><h4 class=\"\">Choix du conditionnement<\/h4><p class=\"\">Nous conditionnons nos poutargues avec le plus grand soin. En poudre, enti\u00e8re, en sous-vide ou sous cire nous proposons une gamme compl\u00e8te de poutargues.<\/p><\/div><\/div><\/div><\/div><\/div><\/div><div id=\"idee-recette\" class=\"features-square-image-section\" style=\"background-color: #f6f6f6;\" data-label=\"Idee recette\" data-id=\"features-square-image-section\" data-category=\"features\"><div class=\"dynamic-color\"><div class=\"features-square-image-textrow\"><div class=\"features-square-image-textcol\" data-type=\"column\"><h2 class=\"\">Retrouvez nos id\u00e9es de recettes<\/h2><\/div><\/div><div class=\"features-square-image-innerrow\" data-type=\"row\"><div class=\"features-square-image-featcol cp4cols cp6cols-tablet\"><p><img decoding=\"async\" class=\"features-square-image-featimg\" src=\"https:\/\/alabonnepoutargue.com\/wp-content\/uploads\/2023\/05\/Spadhetti-palourdes.jpg\" alt=\"Spadhetti palourdes\" \/><\/p><h4 class=\"\">Spaghettis aux palourdes et \u00e0 la poutargue<\/h4><p class=\"\">Ingr\u00e9dients pour 4 personnes :<\/p><p>400gr de spaghettis<br \/>40 palourdes<br \/>1\/2 t\u00eate d\u2019ail<br \/>Persil<br \/>Piment rouge<br \/>sel et poivre<br \/>Huile d\u2019olive<br \/>Poutargue en poudre<br \/>Poutargue sous vide<\/p><p><a class=\"button blue\" href=\"https:\/\/alabonnepoutargue.com?page_id=176\" target=\"_self\" rel=\"noopener\">Voir la recette<\/a><\/p><\/div><div class=\"features-square-image-featcol cp4cols cp6cols-tablet\"><p><img decoding=\"async\" class=\"features-square-image-featimg\" src=\"https:\/\/alabonnepoutargue.com\/wp-content\/uploads\/2023\/05\/Beignets-courgettes.jpg\" alt=\"Beignets courgettes\" \/><\/p><h4 class=\"\">Beignets de courgettes \u00e0 la Poutargue<\/h4><p class=\"\">Ingr\u00e9dients pour 4 personnes :<br \/>P\u00e2te \u00e0 frire<br \/>100 gr de farine<br \/>1 \u0153uf<br \/>\u00bd sachet de levure<br \/>1 verre de lait.<br \/>Sel et poivre<br \/>2 courgettes ou fleurs de courgettes<br \/>Ail et Persil<br \/>Huile v\u00e9g\u00e9tale<br \/>Poutargue en poudre<\/p><p><a class=\"button blue\" href=\"https:\/\/alabonnepoutargue.com?page_id=191\" target=\"_self\" rel=\"noopener\">Voir la recette<\/a><\/p><\/div><div class=\"features-square-image-featcol cp4cols cp6cols-tablet\"><p><img decoding=\"async\" class=\"features-square-image-featimg\" src=\"https:\/\/alabonnepoutargue.com\/wp-content\/uploads\/2023\/05\/Spaghettis-encre-de-seiche.jpg\" alt=\"Spaghettis encre de seiche\" \/><\/p><h4 class=\"\">Linguines \u00e0 l\u2019encre de seiche et gambas<\/h4><p class=\"\">Ingr\u00e9dients pour 4 personnes :<br \/>500 gr de linguines noires<br \/>\u00e0 l\u2019encre de seiche<br \/>2 grosses gambas<br \/>Huile + beurre<br \/>3 c \u00e0 soupe de Cognac<br \/>Ail et Persil<br \/>Piment rouge<br \/>Sel poivre<br \/>Poutargue en poudre<\/p><p><a class=\"button blue\" href=\"https:\/\/alabonnepoutargue.com?page_id=201\" target=\"_self\" rel=\"noopener\">Voir la recette<\/a><\/p><\/div><\/div><\/div><\/div><div id=\"contact-4\" class=\"contact-section-formsection white-text contact-section\" data-label=\"Contact\" data-id=\"contact-section\" data-category=\"contact\" data-bg=\"transparent\"><div class=\"\"><div class=\"row_224\"><div class=\"contact-textrow\"><div class=\"contact-textcol dynamic-color\"><h2 class=\"\">Contact<\/h2><p class=\"white_text\">Prenez contact avec nous pour toutes demandes d\u2019informations<\/p><\/div><\/div><\/div><div class=\"contact-formcol\" data-content-shortcode=\"one_page_express_contact_form shortcode=&quot;wpforms id=&amp;amp;quot;34&amp;amp;quot;&quot;\" data-editable=\"true\"><div class=\"wpforms-container wpforms-container-full\" id=\"wpforms-34\"><form id=\"wpforms-form-34\" class=\"wpforms-validate wpforms-form wpforms-ajax-form\" data-formid=\"34\" method=\"post\" enctype=\"multipart\/form-data\" action=\"\/index.php?rest_route=%2Fwp%2Fv2%2Fpages%2F95\" data-token=\"e160216a72b996bcf1eed7199b656b9e\" data-token-time=\"1778924793\"><noscript class=\"wpforms-error-noscript\">Veuillez activer JavaScript dans votre navigateur pour remplir ce formulaire.<\/noscript><div class=\"wpforms-field-container\"><div id=\"wpforms-34-field_0-container\" class=\"wpforms-field wpforms-field-name\" data-field-id=\"0\"><label class=\"wpforms-field-label wpforms-label-hide\" for=\"wpforms-34-field_0\">Pr\u00e9nom, nom <span class=\"wpforms-required-label\">*<\/span><\/label><div class=\"wpforms-field-row wpforms-field-large\"><div class=\"wpforms-field-row-block wpforms-first wpforms-one-half\"><input type=\"text\" id=\"wpforms-34-field_0\" class=\"wpforms-field-name-first wpforms-field-required\" name=\"wpforms[fields][0][first]\" placeholder=\"Pr\u00e9nom\" required><label for=\"wpforms-34-field_0\" class=\"wpforms-field-sublabel after wpforms-sublabel-hide\">Pr\u00e9nom<\/label><\/div><div class=\"wpforms-field-row-block wpforms-one-half\"><input type=\"text\" id=\"wpforms-34-field_0-last\" class=\"wpforms-field-name-last wpforms-field-required\" name=\"wpforms[fields][0][last]\" placeholder=\"Nom\" required><label for=\"wpforms-34-field_0-last\" class=\"wpforms-field-sublabel after wpforms-sublabel-hide\">Nom<\/label><\/div><\/div><\/div><div id=\"wpforms-34-field_3-container\" class=\"wpforms-field wpforms-field-number\" data-field-id=\"3\"><label class=\"wpforms-field-label wpforms-label-hide\" for=\"wpforms-34-field_3\">T\u00e9l\u00e9phone <span class=\"wpforms-required-label\">*<\/span><\/label><input type=\"number\" id=\"wpforms-34-field_3\" class=\"wpforms-field-large wpforms-field-required\" name=\"wpforms[fields][3]\" placeholder=\"N\u00b0 T\u00e9l\u00e9phone\" step=\"any\" required><\/div><div id=\"wpforms-34-field_1-container\" class=\"wpforms-field wpforms-field-email\" data-field-id=\"1\"><label class=\"wpforms-field-label wpforms-label-hide\" for=\"wpforms-34-field_1\">E-mail <span class=\"wpforms-required-label\">*<\/span><\/label><input type=\"email\" id=\"wpforms-34-field_1\" class=\"wpforms-field-large wpforms-field-required\" name=\"wpforms[fields][1]\" placeholder=\"E-mail\" spellcheck=\"false\" required><\/div><div id=\"wpforms-34-field_2-container\" class=\"wpforms-field wpforms-field-textarea\" data-field-id=\"2\"><label class=\"wpforms-field-label wpforms-label-hide\" for=\"wpforms-34-field_2\">Message <span class=\"wpforms-required-label\">*<\/span><\/label><textarea id=\"wpforms-34-field_2\" class=\"wpforms-field-medium wpforms-field-required\" name=\"wpforms[fields][2]\" placeholder=\"Votre message\" required><\/textarea><\/div><\/div><!-- .wpforms-field-container --><div class=\"wpforms-recaptcha-container wpforms-is-recaptcha wpforms-is-recaptcha-type-v3\" ><input type=\"hidden\" name=\"wpforms[recaptcha]\" value=\"\"><\/div><div class=\"wpforms-submit-container\" ><input type=\"hidden\" name=\"wpforms[id]\" value=\"34\"><input type=\"hidden\" name=\"page_title\" value=\"\"><input type=\"hidden\" name=\"page_url\" value=\"https:\/\/alabonnepoutargue.com\/index.php?rest_route=\/wp\/v2\/pages\/95\"><input type=\"hidden\" name=\"url_referer\" value=\"\"><button type=\"submit\" name=\"wpforms[submit]\" id=\"wpforms-submit-34\" class=\"wpforms-submit\" data-alt-text=\"Envoi...\" data-submit-text=\"Envoyer\" aria-live=\"assertive\" value=\"wpforms-submit\">Envoyer<\/button><img decoding=\"async\" src=\"https:\/\/alabonnepoutargue.com\/wp-content\/plugins\/wpforms-lite\/assets\/images\/submit-spin.svg\" class=\"wpforms-submit-spinner\" style=\"display: none;\" width=\"26\" height=\"26\" alt=\"Chargement en cours\"><\/div><\/form><\/div>  <!-- .wpforms-container --><\/div><\/div><\/div><div id=\"clients-2\" class=\"clients-strip-section\" style=\"background-color: #ffffff;\" data-label=\"Clients\" data-id=\"clients-strip-section\" data-category=\"clients\"><div class=\"row_187\" data-type=\"row\" data-add-content=\"false\"><div class=\"clients-strip-itemcol cp2cols\"><div class=\"middle_align1\"><a href=\"#\"><img decoding=\"async\" class=\"clients-strip-itemimg\" src=\"https:\/\/alabonnepoutargue.com\/wp-content\/uploads\/2023\/02\/Logo_Carrefour.svg_.png\" \/><\/a><\/div><\/div><div class=\"clients-strip-itemcol cp2cols\"><div class=\"middle_align1\"><a href=\"#\"><img decoding=\"async\" class=\"clients-strip-itemimg\" src=\"https:\/\/alabonnepoutargue.com\/wp-content\/uploads\/2023\/02\/1200px-Logo_Auchan_2015.svg_.png\" \/><\/a><\/div><\/div><div class=\"clients-strip-itemcol cp2cols\"><div class=\"middle_align1\"><a href=\"#\"><img decoding=\"async\" class=\"clients-strip-itemimg\" src=\"https:\/\/alabonnepoutargue.com\/wp-content\/uploads\/2023\/02\/1280px-Casino_supermarche_logo_2018.svg_.png\" \/><\/a><\/div><\/div><div class=\"clients-strip-itemcol cp2cols\"><div class=\"middle_align1\"><a href=\"#\" target=\"_self\" rel=\"noopener\"><img decoding=\"async\" class=\"clients-strip-itemimg\" src=\"https:\/\/alabonnepoutargue.com\/wp-content\/uploads\/2023\/04\/intermarche.jpg\" \/><\/a><\/div><\/div><div class=\"clients-strip-itemcol cp2cols\"><div class=\"middle_align1\"><a href=\"#\" target=\"_self\" rel=\"noopener\"><img decoding=\"async\" class=\"clients-strip-itemimg\" src=\"https:\/\/alabonnepoutargue.com\/wp-content\/uploads\/2023\/04\/leclerc.png\" \/><\/a><\/div><\/div><div class=\"clients-strip-itemcol cp2cols\"><div class=\"middle_align1\"><a href=\"#\" target=\"_self\" rel=\"noopener\"><img decoding=\"async\" class=\"clients-strip-itemimg\" src=\"https:\/\/alabonnepoutargue.com\/wp-content\/uploads\/2023\/04\/U-e1686213472542.png\" \/><\/a><\/div><\/div><\/div><\/div>\t\t\t\t\t\t\t\t<\/div>\n\t\t\t\t<\/div>\n\t\t\t\t\t<\/div>\n\t\t<\/div>\n\t\t\t\t\t<\/div>\n\t\t<\/section>\n\t\t\t\t<\/div>\n\t\t","protected":false},"excerpt":{"rendered":"<p>Un savoir faire artisanalCr\u00e9\u00e9 en 2019, la Bonne Poutargue est sp\u00e9cialis\u00e9 dans la fabrication de la poutargue ou boutargue destin\u00e9e aux professionnels de la grande distribution. Egalement connue sous le nom d\u2019or blanc de la M\u00e9diterran\u00e9e, la poutargue est un produit artisanal fabriqu\u00e9e \u00e0 la main \u00e0 partir d\u2019\u0153ufs de muge. Ce d\u00e9licieux met est&hellip; <br \/> <a class=\"button small blue\" href=\"https:\/\/alabonnepoutargue.com\/\">Lire la suite<\/a><\/p>\n","protected":false},"author":1,"featured_media":0,"parent":0,"menu_order":0,"comment_status":"closed","ping_status":"closed","template":"","meta":{"_monsterinsights_skip_tracking":false,"_monsterinsights_sitenote_active":false,"_monsterinsights_sitenote_note":"","_monsterinsights_sitenote_category":0,"footnotes":""},"class_list":["post-95","page","type-page","status-publish","hentry"],"_links":{"self":[{"href":"https:\/\/alabonnepoutargue.com\/index.php?rest_route=\/wp\/v2\/pages\/95","targetHints":{"allow":["GET"]}}],"collection":[{"href":"https:\/\/alabonnepoutargue.com\/index.php?rest_route=\/wp\/v2\/pages"}],"about":[{"href":"https:\/\/alabonnepoutargue.com\/index.php?rest_route=\/wp\/v2\/types\/page"}],"author":[{"embeddable":true,"href":"https:\/\/alabonnepoutargue.com\/index.php?rest_route=\/wp\/v2\/users\/1"}],"replies":[{"embeddable":true,"href":"https:\/\/alabonnepoutargue.com\/index.php?rest_route=%2Fwp%2Fv2%2Fcomments&post=95"}],"version-history":[{"count":26,"href":"https:\/\/alabonnepoutargue.com\/index.php?rest_route=\/wp\/v2\/pages\/95\/revisions"}],"predecessor-version":[{"id":230,"href":"https:\/\/alabonnepoutargue.com\/index.php?rest_route=\/wp\/v2\/pages\/95\/revisions\/230"}],"wp:attachment":[{"href":"https:\/\/alabonnepoutargue.com\/index.php?rest_route=%2Fwp%2Fv2%2Fmedia&parent=95"}],"curies":[{"name":"wp","href":"https:\/\/api.w.org\/{rel}","templated":true}]}}