{"id":191,"date":"2023-06-05T14:53:52","date_gmt":"2023-06-05T14:53:52","guid":{"rendered":"https:\/\/alabonnepoutargue.com\/?page_id=191"},"modified":"2023-06-05T15:12:06","modified_gmt":"2023-06-05T15:12:06","slug":"beignets-de-courgettes-a-la-poutargue","status":"publish","type":"page","link":"https:\/\/alabonnepoutargue.com\/?page_id=191","title":{"rendered":"Beignets de courgettes \u00e0 la Poutargue"},"content":{"rendered":"\t\t<div data-elementor-type=\"wp-page\" data-elementor-id=\"191\" class=\"elementor elementor-191\">\n\t\t\t\t\t\t<section class=\"elementor-section elementor-top-section elementor-element elementor-element-df34ac2 elementor-section-boxed elementor-section-height-default elementor-section-height-default\" data-id=\"df34ac2\" data-element_type=\"section\">\n\t\t\t\t\t\t<div class=\"elementor-container elementor-column-gap-default\">\n\t\t\t\t\t<div class=\"elementor-column elementor-col-100 elementor-top-column elementor-element elementor-element-f650da1\" data-id=\"f650da1\" data-element_type=\"column\">\n\t\t\t<div class=\"elementor-widget-wrap elementor-element-populated\">\n\t\t\t\t\t\t<section class=\"elementor-section elementor-inner-section elementor-element elementor-element-d14d034 elementor-section-boxed elementor-section-height-default elementor-section-height-default\" data-id=\"d14d034\" data-element_type=\"section\">\n\t\t\t\t\t\t<div class=\"elementor-container elementor-column-gap-default\">\n\t\t\t\t\t<div class=\"elementor-column elementor-col-50 elementor-inner-column elementor-element elementor-element-cbe4151\" data-id=\"cbe4151\" data-element_type=\"column\">\n\t\t\t<div class=\"elementor-widget-wrap\">\n\t\t\t\t\t\t\t<\/div>\n\t\t<\/div>\n\t\t\t\t<div class=\"elementor-column elementor-col-50 elementor-inner-column elementor-element elementor-element-f2dc94b\" data-id=\"f2dc94b\" data-element_type=\"column\">\n\t\t\t<div class=\"elementor-widget-wrap\">\n\t\t\t\t\t\t\t<\/div>\n\t\t<\/div>\n\t\t\t\t\t<\/div>\n\t\t<\/section>\n\t\t\t\t\t<\/div>\n\t\t<\/div>\n\t\t\t\t\t<\/div>\n\t\t<\/section>\n\t\t\t\t<section class=\"elementor-section elementor-top-section elementor-element elementor-element-d01e93f elementor-section-boxed elementor-section-height-default elementor-section-height-default\" data-id=\"d01e93f\" data-element_type=\"section\">\n\t\t\t\t\t\t<div class=\"elementor-container elementor-column-gap-default\">\n\t\t\t\t\t<div class=\"elementor-column elementor-col-100 elementor-top-column elementor-element elementor-element-58ac86d\" data-id=\"58ac86d\" data-element_type=\"column\">\n\t\t\t<div class=\"elementor-widget-wrap elementor-element-populated\">\n\t\t\t\t\t\t<section class=\"elementor-section elementor-inner-section elementor-element elementor-element-d2c8d82 elementor-section-boxed elementor-section-height-default elementor-section-height-default\" data-id=\"d2c8d82\" data-element_type=\"section\">\n\t\t\t\t\t\t<div class=\"elementor-container elementor-column-gap-default\">\n\t\t\t\t\t<div class=\"elementor-column elementor-col-50 elementor-inner-column elementor-element elementor-element-def39a4\" data-id=\"def39a4\" data-element_type=\"column\">\n\t\t\t<div class=\"elementor-widget-wrap elementor-element-populated\">\n\t\t\t\t\t\t<div class=\"elementor-element elementor-element-0dba487 elementor-widget elementor-widget-text-editor\" data-id=\"0dba487\" data-element_type=\"widget\" data-widget_type=\"text-editor.default\">\n\t\t\t\t<div class=\"elementor-widget-container\">\n\t\t\t\t\t\t\t\t\t<p><strong>Ingr\u00e9dients pour 4 personnes :<\/strong><\/p><p>P\u00e2te \u00e0 frire<br \/>100 gr de farine <br \/>1 \u0153uf<br \/>\u00bd sachet de levure <br \/>1 verre de lait. <br \/>Sel poivre<br \/>2 courgettes ou fleurs de courgettes<br \/>Ail <br \/>Persil <br \/>Huile v\u00e9g\u00e9tale <br \/>Poutargue en poudre<\/p>\t\t\t\t\t\t\t\t<\/div>\n\t\t\t\t<\/div>\n\t\t\t\t\t<\/div>\n\t\t<\/div>\n\t\t\t\t<div class=\"elementor-column elementor-col-50 elementor-inner-column elementor-element elementor-element-b4b6089\" data-id=\"b4b6089\" data-element_type=\"column\">\n\t\t\t<div class=\"elementor-widget-wrap elementor-element-populated\">\n\t\t\t\t\t\t<div class=\"elementor-element elementor-element-f6bc7e5 elementor-widget elementor-widget-text-editor\" data-id=\"f6bc7e5\" data-element_type=\"widget\" data-widget_type=\"text-editor.default\">\n\t\t\t\t<div class=\"elementor-widget-container\">\n\t\t\t\t\t\t\t\t\t<p><strong>Recettes<\/strong><\/p><p>&#8211; Dans un saladier verser la farine, l\u2019\u0153uf, la levure, le lait sel et poivre. <br \/>&#8211; Battre avec un fouet jusqu\u2019\u00e0 ce que la p\u00e2te soit bien homog\u00e8ne. <br \/>&#8211; Incorporer l\u2019ail le persil les courgettes r\u00e2p\u00e9es ou les fleurs de courgettes. <br \/>&#8211; Remuer si c\u2019est des courgettes, si c\u2019est des fleurs de courgettes les tremper d\u00e9licatement dans la p\u00e2te \u00e0 frire. <br \/>&#8211; Dans une po\u00eale faire chauffer l\u2019huile et \u00e0 l\u2019aide d\u2019une grosse cuill\u00e8re r\u00e9aliser des beignets avec les courgettes ou les fleurs. <br \/>&#8211; \u00c9goutter les beignets <br \/>&#8211; Saupoudrer les beignets de Poutargue en poudre.<\/p>\t\t\t\t\t\t\t\t<\/div>\n\t\t\t\t<\/div>\n\t\t\t\t\t<\/div>\n\t\t<\/div>\n\t\t\t\t\t<\/div>\n\t\t<\/section>\n\t\t\t\t\t<\/div>\n\t\t<\/div>\n\t\t\t\t\t<\/div>\n\t\t<\/section>\n\t\t\t\t<\/div>\n\t\t","protected":false},"excerpt":{"rendered":"<p>Ingr\u00e9dients pour 4 personnes : P\u00e2te \u00e0 frire100 gr de farine 1 \u0153uf\u00bd sachet de levure 1 verre de lait. Sel poivre2 courgettes ou fleurs de courgettesAil Persil Huile v\u00e9g\u00e9tale Poutargue en poudre Recettes &#8211; Dans un saladier verser la farine, l\u2019\u0153uf, la levure, le lait sel et poivre. &#8211; Battre avec un fouet jusqu\u2019\u00e0&hellip; <br \/> <a class=\"button small blue\" href=\"https:\/\/alabonnepoutargue.com\/?page_id=191\">Lire la suite<\/a><\/p>\n","protected":false},"author":1,"featured_media":0,"parent":0,"menu_order":0,"comment_status":"closed","ping_status":"closed","template":"","meta":{"_monsterinsights_skip_tracking":false,"_monsterinsights_sitenote_active":false,"_monsterinsights_sitenote_note":"","_monsterinsights_sitenote_category":0,"footnotes":""},"class_list":["post-191","page","type-page","status-publish","hentry"],"_links":{"self":[{"href":"https:\/\/alabonnepoutargue.com\/index.php?rest_route=\/wp\/v2\/pages\/191","targetHints":{"allow":["GET"]}}],"collection":[{"href":"https:\/\/alabonnepoutargue.com\/index.php?rest_route=\/wp\/v2\/pages"}],"about":[{"href":"https:\/\/alabonnepoutargue.com\/index.php?rest_route=\/wp\/v2\/types\/page"}],"author":[{"embeddable":true,"href":"https:\/\/alabonnepoutargue.com\/index.php?rest_route=\/wp\/v2\/users\/1"}],"replies":[{"embeddable":true,"href":"https:\/\/alabonnepoutargue.com\/index.php?rest_route=%2Fwp%2Fv2%2Fcomments&post=191"}],"version-history":[{"count":4,"href":"https:\/\/alabonnepoutargue.com\/index.php?rest_route=\/wp\/v2\/pages\/191\/revisions"}],"predecessor-version":[{"id":200,"href":"https:\/\/alabonnepoutargue.com\/index.php?rest_route=\/wp\/v2\/pages\/191\/revisions\/200"}],"wp:attachment":[{"href":"https:\/\/alabonnepoutargue.com\/index.php?rest_route=%2Fwp%2Fv2%2Fmedia&parent=191"}],"curies":[{"name":"wp","href":"https:\/\/api.w.org\/{rel}","templated":true}]}}